{"id":28896,"date":"2023-07-14T14:39:48","date_gmt":"2023-07-14T14:39:48","guid":{"rendered":"https:\/\/turportugal.pt\/contatos\/"},"modified":"2023-07-18T15:14:47","modified_gmt":"2023-07-18T15:14:47","slug":"contatos","status":"publish","type":"page","link":"https:\/\/turportugal.pt\/pt-pt\/contatos\/","title":{"rendered":"Contatos"},"content":{"rendered":"\n<div class=\"wp-block-columns has-2-columns is-layout-flex wp-container-core-columns-is-layout-9d6595d7 wp-block-columns-is-layout-flex\">\n<div class=\"wp-block-column is-layout-flow wp-block-column-is-layout-flow\"><div class=\"wp-block-getwid-advanced-heading\" style=\"margin-bottom:30px\"><h2 class=\"wp-block-getwid-advanced-heading__content\">Quest\u00f5es?<\/h2><\/div>\r\n\n\n\n<p>Deixe-nos saber seus pensamentos. Teremos o maior prazer em ajud\u00e1-lo.<\/p>\n\n\n<div class=\"wp-block-getwid-advanced-heading has-custom-font-size\" style=\"font-size:16px;margin-bottom:0px\"><span class=\"wp-block-getwid-advanced-heading__content\">Endere\u00e7o<\/span><\/div>\r\n\n\n<div class=\"wp-block-getwid-advanced-heading has-custom-font-size\" style=\"font-size:14px\"><span class=\"wp-block-getwid-advanced-heading__content has-text-color has-arsenic-color\" style=\"font-weight:normal\">Rua Eng\u00ba Von Haff 41 E, 3800-177 Aveiro &#8211; Portugal<\/span><\/div>\r\n\n\n<div class=\"wp-block-getwid-advanced-heading has-custom-font-size\" style=\"font-size:16px;margin-bottom:0px\"><span class=\"wp-block-getwid-advanced-heading__content\">Telefone <\/span><\/div>\r\n\n\n<div class=\"wp-block-getwid-advanced-heading has-custom-font-size\" style=\"font-size:14px\"><span class=\"wp-block-getwid-advanced-heading__content has-text-color has-arsenic-color\" style=\"font-weight:normal\">+351 914 241 232<br>Chamada para rede m\u00f3vel nacional<\/span><\/div>\r\n\n\n<div class=\"wp-block-getwid-advanced-heading has-custom-font-size\" style=\"font-size:16px;margin-bottom:0px\"><span class=\"wp-block-getwid-advanced-heading__content\">Email<\/span><\/div>\r\n\n\n<div class=\"wp-block-getwid-advanced-heading has-custom-font-size\" style=\"font-size:14px\"><span class=\"wp-block-getwid-advanced-heading__content has-text-color has-arsenic-color\" style=\"font-weight:normal\"><a href=\"mailto:admin@turportugal.com\">admin@turportugal.com<\/a> <br><br>Check-in: 16h &#8211; 20h<br>Check-out: 07h &#8211; 11h<\/span><\/div>\r\n\n\n\n<p><\/p>\n<\/div>\n\n\n\n<div class=\"wp-block-column is-layout-flow wp-block-column-is-layout-flow\">\n<div class=\"wp-block-getwid-section is-style-with-shadow\"><div class=\"wp-block-getwid-section__wrapper getwid-padding-top-medium getwid-padding-bottom-medium getwid-padding-left-medium getwid-padding-right-medium\"><div class=\"wp-block-getwid-section__inner-wrapper\"><div class=\"wp-block-getwid-section__background-holder\"><div class=\"wp-block-getwid-section__background has-background has-white-background-color\"><\/div><div class=\"wp-block-getwid-section__foreground\"><\/div><\/div><div class=\"wp-block-getwid-section__content\"><div class=\"wp-block-getwid-section__inner-content\">        <div class=\"wp-block-getwid-contact-form\" >\n            <form class='wp-block-getwid-contact-form__form'>\n    \n        <p class='wp-block-getwid-field-name'>\n\t    <label\n        for='name-69ea2c180a569'\n        class='wp-block-getwid-field-name__label'\n    >Your Name *<\/label>\n\t    <input id='name-69ea2c180a569' type='text' name='name'            placeholder='Enter Your Name'             required=''\n            \/>\n<\/p>\n\n\n        <p class='wp-block-getwid-field-email'>\n\t    <label\n\t\tfor='email-69ea2c180a6eb'\n        class='wp-block-getwid-field-email__label'\n    >Your Email *<\/label>\n\t    <input id='email-69ea2c180a6eb' type='email' name='email'             placeholder='Enter Your Email'             required=''    \/>\n<\/p>\n\n\n        <p class='wp-block-getwid-field-textarea'>\n\t    <label\n\t\tfor='message-69ea2c180a802'\n        class='wp-block-getwid-field-textarea__label'\n    >Message<\/label>\n\t    <textarea\n\t\tid='message-69ea2c180a802' rows='5' name='message'            placeholder='Comment'            required=''\n            ><\/textarea>\n<\/p>\n\n\n    <input name='subject' \t\ttype='hidden'\n\t\/>\n\n\t<p class='wp-block-getwid-contact-form__result'><\/p>\n\n\t<div class='wp-block-getwid-contact-form__submit'>\n\t\t<div class='wp-block-button'>\n\t\t\t<button\n\t\t\t\ttype='submit'\n\t\t\t\tclass='wp-block-button__link '\t\t\t\t\tstyle=''\t\t\t>Send Message<\/button>\n\t\t<\/div>\n\n\t<\/div>\n<\/form>\n        <\/div><\/div><\/div><\/div><\/div><\/div>\n<\/div>\n<\/div>\n<div data-map-zoom=\"2\" data-interaction=\"cooperative\" data-map-style=\"default\" data-map-center=\"{&quot;lat&quot;:37.9106161839889,&quot;lng&quot;:25.1221243506071}\" data-zoom-control=\"true\" data-type-control=\"true\" data-street-view-control=\"true\" data-full-screen-control=\"true\" data-map-markers=\"\" class=\"wp-block-getwid-map\"><div style=\"height:600px\" class=\"wp-block-getwid-map__container\"><\/div><\/div>\r\n\n<hr class=\"wp-block-separator is-style-wide\"\/>\n\n<div class=\"wp-block-columns has-3-columns is-layout-flex wp-container-core-columns-is-layout-9d6595d7 wp-block-columns-is-layout-flex\">\n<div class=\"wp-block-column is-layout-flow wp-block-column-is-layout-flow\">\n<div class=\"wp-block-getwid-section is-style-with-shadow is-style-fit-parent\"><div class=\"wp-block-getwid-section__wrapper getwid-padding-left-medium getwid-padding-right-medium\" style=\"padding-top:50px;padding-bottom:50px\"><div class=\"wp-block-getwid-section__inner-wrapper\"><div class=\"wp-block-getwid-section__background-holder\"><div class=\"wp-block-getwid-section__background has-background has-white-background-color\"><\/div><div class=\"wp-block-getwid-section__foreground\"><\/div><\/div><div class=\"wp-block-getwid-section__content\"><div class=\"wp-block-getwid-section__inner-content\">\n<div class=\"wp-block-getwid-image-box getwid-animation has-text-center has-mobile-layout-default has-mobile-alignment-default\" data-animation=\"slideBottom\"><div style=\"margin-bottom:20px\" class=\"wp-block-getwid-image-box__image-container is-position-top\"><a href=\"https:\/\/www.tripadvisor.com\/VacationRentalReview-g4212587-d12486698-Casa_do_Sino_de_Aveiro-Estarreja_Aveiro_District_Northern_Portugal.html\" target=\"_blank\" rel=\"noopener\" class=\"wp-block-getwid-image-box__image-wrapper\"><img fetchpriority=\"high\" decoding=\"async\" width=\"1024\" height=\"500\" src=\"https:\/\/turportugal.pt\/wp-content\/uploads\/2021\/02\/TripAdvisor-logo.png\" alt=\"\" class=\"wp-block-getwid-image-box__image wp-image-1559\" srcset=\"https:\/\/turportugal.pt\/wp-content\/uploads\/2021\/02\/TripAdvisor-logo.png 1024w, https:\/\/turportugal.pt\/wp-content\/uploads\/2021\/02\/TripAdvisor-logo-300x146.png 300w, https:\/\/turportugal.pt\/wp-content\/uploads\/2021\/02\/TripAdvisor-logo-768x375.png 768w, https:\/\/turportugal.pt\/wp-content\/uploads\/2021\/02\/TripAdvisor-logo-892x436.png 892w, https:\/\/turportugal.pt\/wp-content\/uploads\/2021\/02\/TripAdvisor-logo-600x293.png 600w\" sizes=\"(max-width: 1024px) 100vw, 1024px\" \/><\/a><\/div><div class=\"wp-block-getwid-image-box__content\">\n<h3 class=\"wp-block-heading\"><\/h3>\n\n\n\n<p><\/p>\n<\/div><\/div>\n<\/div><\/div><\/div><\/div><\/div>\n<\/div>\n\n\n\n<div class=\"wp-block-column is-layout-flow wp-block-column-is-layout-flow\">\n<div class=\"wp-block-getwid-section is-style-with-shadow is-style-fit-parent\"><div class=\"wp-block-getwid-section__wrapper getwid-padding-left-medium getwid-padding-right-medium\" style=\"padding-top:50px;padding-bottom:50px\"><div class=\"wp-block-getwid-section__inner-wrapper\"><div class=\"wp-block-getwid-section__background-holder\"><div class=\"wp-block-getwid-section__background has-background has-white-background-color\"><\/div><div class=\"wp-block-getwid-section__foreground\"><\/div><\/div><div class=\"wp-block-getwid-section__content\"><div class=\"wp-block-getwid-section__inner-content\">\n<div class=\"wp-block-getwid-image-box getwid-animation has-text-center has-mobile-layout-default has-mobile-alignment-default\" data-animation=\"slideBottom\"><div style=\"margin-bottom:20px\" class=\"wp-block-getwid-image-box__image-container is-position-top\"><a href=\"https:\/\/www.airbnb.pt\/rooms\/4403766\" target=\"_blank\" rel=\"noopener\" class=\"wp-block-getwid-image-box__image-wrapper\"><img decoding=\"async\" width=\"512\" height=\"160\" src=\"https:\/\/turportugal.pt\/wp-content\/uploads\/2021\/02\/Airbnb_Logo.png\" alt=\"\" class=\"wp-block-getwid-image-box__image wp-image-1560\" srcset=\"https:\/\/turportugal.pt\/wp-content\/uploads\/2021\/02\/Airbnb_Logo.png 512w, https:\/\/turportugal.pt\/wp-content\/uploads\/2021\/02\/Airbnb_Logo-300x94.png 300w\" sizes=\"(max-width: 512px) 100vw, 512px\" \/><\/a><\/div><div class=\"wp-block-getwid-image-box__content\">\n<h3 class=\"wp-block-heading\"><\/h3>\n\n\n\n<p><\/p>\n<\/div><\/div>\n<\/div><\/div><\/div><\/div><\/div>\n<\/div>\n\n\n\n<div class=\"wp-block-column is-layout-flow wp-block-column-is-layout-flow\">\n<div class=\"wp-block-getwid-section is-style-fit-parent is-style-with-shadow\"><div class=\"wp-block-getwid-section__wrapper getwid-padding-left-medium getwid-padding-right-medium\" style=\"padding-top:50px;padding-bottom:50px\"><div class=\"wp-block-getwid-section__inner-wrapper\"><div class=\"wp-block-getwid-section__background-holder\"><div class=\"wp-block-getwid-section__background has-background has-white-background-color\"><\/div><div class=\"wp-block-getwid-section__foreground\"><\/div><\/div><div class=\"wp-block-getwid-section__content\"><div class=\"wp-block-getwid-section__inner-content\">\n<div class=\"wp-block-getwid-image-box getwid-animation has-text-center has-mobile-layout-default has-mobile-alignment-default\" data-animation=\"slideBottom\"><div style=\"margin-bottom:20px\" class=\"wp-block-getwid-image-box__image-container is-position-top\"><a href=\"https:\/\/www.booking.com\/hotel\/pt\/casa-do-sino.pt-pt.html\" target=\"_blank\" rel=\"noopener\" class=\"wp-block-getwid-image-box__image-wrapper\"><img decoding=\"async\" width=\"3500\" height=\"703\" src=\"https:\/\/turportugal.pt\/wp-content\/uploads\/2021\/02\/homeaway-logo.png\" alt=\"\" class=\"wp-block-getwid-image-box__image wp-image-1561\" srcset=\"https:\/\/turportugal.pt\/wp-content\/uploads\/2021\/02\/homeaway-logo.png 3500w, https:\/\/turportugal.pt\/wp-content\/uploads\/2021\/02\/homeaway-logo-300x60.png 300w, https:\/\/turportugal.pt\/wp-content\/uploads\/2021\/02\/homeaway-logo-1024x206.png 1024w, https:\/\/turportugal.pt\/wp-content\/uploads\/2021\/02\/homeaway-logo-768x154.png 768w, https:\/\/turportugal.pt\/wp-content\/uploads\/2021\/02\/homeaway-logo-1536x309.png 1536w, https:\/\/turportugal.pt\/wp-content\/uploads\/2021\/02\/homeaway-logo-2048x411.png 2048w, https:\/\/turportugal.pt\/wp-content\/uploads\/2021\/02\/homeaway-logo-892x179.png 892w, https:\/\/turportugal.pt\/wp-content\/uploads\/2021\/02\/homeaway-logo-1350x271.png 1350w, https:\/\/turportugal.pt\/wp-content\/uploads\/2021\/02\/homeaway-logo-600x121.png 600w\" sizes=\"(max-width: 3500px) 100vw, 3500px\" \/><\/a><\/div><div class=\"wp-block-getwid-image-box__content\">\n<h3 class=\"wp-block-heading\"><\/h3>\n\n\n\n<p><\/p>\n<\/div><\/div>\n<\/div><\/div><\/div><\/div><\/div>\n<\/div>\n<\/div>\n","protected":false},"excerpt":{"rendered":"<p>Sinta-se \u00e0 vontade para nos contatar diretamente se tiver alguma d\u00favida sobre nossas acomoda\u00e7\u00f5es.<\/p>\n","protected":false},"author":1,"featured_media":0,"parent":0,"menu_order":0,"comment_status":"closed","ping_status":"closed","template":"template-wider-page.php","meta":{"inline_featured_image":false,"footnotes":""},"class_list":["post-28896","page","type-page","status-publish","hentry"],"_links":{"self":[{"href":"https:\/\/turportugal.pt\/pt-pt\/wp-json\/wp\/v2\/pages\/28896","targetHints":{"allow":["GET"]}}],"collection":[{"href":"https:\/\/turportugal.pt\/pt-pt\/wp-json\/wp\/v2\/pages"}],"about":[{"href":"https:\/\/turportugal.pt\/pt-pt\/wp-json\/wp\/v2\/types\/page"}],"author":[{"embeddable":true,"href":"https:\/\/turportugal.pt\/pt-pt\/wp-json\/wp\/v2\/users\/1"}],"replies":[{"embeddable":true,"href":"https:\/\/turportugal.pt\/pt-pt\/wp-json\/wp\/v2\/comments?post=28896"}],"version-history":[{"count":8,"href":"https:\/\/turportugal.pt\/pt-pt\/wp-json\/wp\/v2\/pages\/28896\/revisions"}],"predecessor-version":[{"id":28972,"href":"https:\/\/turportugal.pt\/pt-pt\/wp-json\/wp\/v2\/pages\/28896\/revisions\/28972"}],"wp:attachment":[{"href":"https:\/\/turportugal.pt\/pt-pt\/wp-json\/wp\/v2\/media?parent=28896"}],"curies":[{"name":"wp","href":"https:\/\/api.w.org\/{rel}","templated":true}]}}